{"id":1362,"date":"2026-03-06T00:19:07","date_gmt":"2026-03-05T23:19:07","guid":{"rendered":"https:\/\/www.abrigoinfantilstmariabelem.com\/?page_id=1362"},"modified":"2026-03-09T15:54:10","modified_gmt":"2026-03-09T14:54:10","slug":"comunidade","status":"publish","type":"page","link":"https:\/\/www.abrigoinfantilstmariabelem.com\/?page_id=1362","title":{"rendered":"Comunidade"},"content":{"rendered":"\n<p>O Abrigo Infantil est\u00e1 localizado numa zona privilegiada da cidade de Lisboa. Nas proximidades encontramos uma grande diversidade de servi\u00e7os, como supermercados, caf\u00e9s, floristas, igrejas e museus, que fazem parte do nosso quotidiano.<\/p>\n\n\n\n<p>Integrados na comunidade que nos rodeia, realizamos regularmente <strong>passeios a p\u00e9<\/strong>, proporcionando \u00e0s crian\u00e7as a oportunidade de explorar a cidade e contactar com diferentes espa\u00e7os e realidades.<\/p>\n\n\n\n<p>Beneficiamos ainda da proximidade de v\u00e1rios<strong> transportes p\u00fablicos<\/strong>, que utilizamos frequentemente para nos deslocarmos a diferentes pontos da cidade, alargando assim as experi\u00eancias e descobertas das crian\u00e7as.<\/p>\n","protected":false},"excerpt":{"rendered":"<p>O Abrigo Infantil est\u00e1 localizado numa zona privilegiada da cidade de Lisboa. Nas proximidades encontramos uma grande diversidade de servi\u00e7os, como supermercados, caf\u00e9s, floristas, igrejas e museus, que fazem parte do nosso quotidiano. Integrados na comunidade que nos rodeia, realizamos regularmente passeios a p\u00e9, proporcionando \u00e0s crian\u00e7as a oportunidade de explorar a cidade e contactar &hellip; <\/p>\n<p class=\"link-more\"><a href=\"https:\/\/www.abrigoinfantilstmariabelem.com\/?page_id=1362\" class=\"more-link\">Continuar a ler <span class=\"screen-reader-text\">&#8220;Comunidade&#8221;<\/span><\/a><\/p>\n","protected":false},"author":1,"featured_media":0,"parent":0,"menu_order":0,"comment_status":"closed","ping_status":"closed","template":"","meta":{"_themeisle_gutenberg_block_has_review":false,"footnotes":""},"class_list":["post-1362","page","type-page","status-publish","hentry"],"_links":{"self":[{"href":"https:\/\/www.abrigoinfantilstmariabelem.com\/index.php?rest_route=\/wp\/v2\/pages\/1362","targetHints":{"allow":["GET"]}}],"collection":[{"href":"https:\/\/www.abrigoinfantilstmariabelem.com\/index.php?rest_route=\/wp\/v2\/pages"}],"about":[{"href":"https:\/\/www.abrigoinfantilstmariabelem.com\/index.php?rest_route=\/wp\/v2\/types\/page"}],"author":[{"embeddable":true,"href":"https:\/\/www.abrigoinfantilstmariabelem.com\/index.php?rest_route=\/wp\/v2\/users\/1"}],"replies":[{"embeddable":true,"href":"https:\/\/www.abrigoinfantilstmariabelem.com\/index.php?rest_route=%2Fwp%2Fv2%2Fcomments&post=1362"}],"version-history":[{"count":3,"href":"https:\/\/www.abrigoinfantilstmariabelem.com\/index.php?rest_route=\/wp\/v2\/pages\/1362\/revisions"}],"predecessor-version":[{"id":1434,"href":"https:\/\/www.abrigoinfantilstmariabelem.com\/index.php?rest_route=\/wp\/v2\/pages\/1362\/revisions\/1434"}],"wp:attachment":[{"href":"https:\/\/www.abrigoinfantilstmariabelem.com\/index.php?rest_route=%2Fwp%2Fv2%2Fmedia&parent=1362"}],"curies":[{"name":"wp","href":"https:\/\/api.w.org\/{rel}","templated":true}]}}